{"id":789,"date":"2017-07-26T12:37:10","date_gmt":"2017-07-26T09:37:10","guid":{"rendered":"http:\/\/ozcangumus.com.tr\/blog\/"},"modified":"2017-09-06T21:18:31","modified_gmt":"2017-09-06T18:18:31","slug":"blog","status":"publish","type":"page","link":"https:\/\/www.ozcangumus.com.tr\/en\/blog\/","title":{"rendered":"Blog"},"content":{"rendered":"<div class='template-blog  av-blog-meta-author-disabled av-blog-meta-comments-disabled av-blog-meta-category-disabled av-blog-meta-html-info-disabled av-blog-meta-tag-disabled '  itemscope=\"itemscope\" itemtype=\"https:\/\/schema.org\/Blog\" ><article class='post-entry post-entry-type-standard post-entry-1191 post-loop-1 post-parity-odd single-big with-slider post-1191 post type-post status-publish format-standard has-post-thumbnail hentry category-blog'  itemscope=\"itemscope\" itemtype=\"https:\/\/schema.org\/BlogPosting\" ><div class=\"big-preview single-big\"><a href=\"https:\/\/www.ozcangumus.com.tr\/en\/tips-for-taking-photos-of-silver-jewellery-with-mobile-phone\/\" title=\"Tips for Taking Photos of Silver Jewellery with Mobile Phone\"><img width=\"1500\" height=\"630\" src=\"https:\/\/www.ozcangumus.com.tr\/wp\/wp-content\/uploads\/IMG_1452-1500x630.jpg\" class=\"attachment-featured_large size-featured_large wp-post-image\" alt=\"\" loading=\"lazy\" \/><\/a><\/div><div class='blog-meta'><\/div><div class='entry-content-wrapper clearfix standard-content'><header class=\"entry-content-header\"><h2 class='post-title entry-title'  itemprop=\"headline\" >\t<a href='https:\/\/www.ozcangumus.com.tr\/en\/tips-for-taking-photos-of-silver-jewellery-with-mobile-phone\/' rel='bookmark' title='Permanent Link: Tips for Taking Photos of Silver Jewellery with Mobile Phone'>Tips for Taking Photos of Silver Jewellery with Mobile Phone\t\t\t<span class='post-format-icon minor-meta'><\/span>\t<\/a><\/h2><span class='post-meta-infos'><time class='date-container minor-meta updated' >30 December 2017<\/time><span class='text-sep text-sep-date'>\/<\/span><span class='comment-container minor-meta'><a href=\"https:\/\/www.ozcangumus.com.tr\/en\/tips-for-taking-photos-of-silver-jewellery-with-mobile-phone\/#respond\" class=\"comments-link\" >0 Comments<\/a><\/span><span class='text-sep text-sep-comment'>\/<\/span><span class=\"blog-categories minor-meta\">in <a href=\"https:\/\/www.ozcangumus.com.tr\/blog\/\" rel=\"tag\">Blog<\/a> <\/span><span class=\"text-sep text-sep-cat\">\/<\/span><span class=\"blog-author minor-meta\">by <span class=\"entry-author-link\" ><span class=\"vcard author\"><span class=\"fn\"><a href=\"https:\/\/www.ozcangumus.com.tr\/en\/author\/fatih\/\" title=\"Posts by Fatih \u00d6zcan\" rel=\"author\">Fatih \u00d6zcan<\/a><\/span><\/span><\/span><\/span><\/span><\/header><div class=\"entry-content\"  itemprop=\"text\" ><p>As all of you know, product phots become more important as social media becomes more popular. Not everyone uses cameras as frequent as mobile phones. So, we focused on \u201ctaking photos of silver jewellery with mobile phone\u201d.\u00a0 Well, how can you achieve high quality photos with mobile phone? Here are some tips, Nowadays, almost all [&hellip;]<\/p>\n<div class=\"read-more-link\"><a href=\"https:\/\/www.ozcangumus.com.tr\/en\/tips-for-taking-photos-of-silver-jewellery-with-mobile-phone\/\" class=\"more-link\">Read more<span class=\"more-link-arrow\"><\/span><\/a><\/div>\n<\/div><footer class=\"entry-footer\"><\/footer><div class='post_delimiter'><\/div><\/div><div class='post_author_timeline'><\/div><span class='hidden'>\n\t\t\t<span class='av-structured-data'  itemscope=\"itemscope\" itemtype=\"https:\/\/schema.org\/ImageObject\"  itemprop='image'>\n\t\t\t\t\t   <span itemprop='url' >https:\/\/www.ozcangumus.com.tr\/wp\/wp-content\/uploads\/IMG_1452.jpg<\/span>\n\t\t\t\t\t   <span itemprop='height' >2448<\/span>\n\t\t\t\t\t   <span itemprop='width' >3264<\/span>\n\t\t\t\t  <\/span><span class='av-structured-data'  itemprop=\"publisher\" itemtype=\"https:\/\/schema.org\/Organization\" itemscope=\"itemscope\" >\n\t\t\t\t<span itemprop='name'>Fatih \u00d6zcan<\/span>\n\t\t\t\t<span itemprop='logo' itemscope itemtype='http:\/\/schema.org\/ImageObject'>\n\t\t\t\t   <span itemprop='url'>http:\/\/ozcangumus.com.tr\/wp\/wp-content\/uploads\/2017\/08\/web-logo-v2.png<\/span>\n\t\t\t\t <\/span>\n\t\t\t  <\/span><span class='av-structured-data'  itemprop=\"author\" itemscope=\"itemscope\" itemtype=\"https:\/\/schema.org\/Person\" ><span itemprop='name'>Fatih \u00d6zcan<\/span><\/span><span class='av-structured-data'  itemprop=\"datePublished\" datetime=\"2017-12-30T10:13:50+03:00\" >2017-12-30 10:13:50<\/span><span class='av-structured-data'  itemprop=\"dateModified\" itemtype=\"https:\/\/schema.org\/dateModified\" >2017-12-30 10:13:50<\/span><span class='av-structured-data'  itemprop=\"mainEntityOfPage\" itemtype=\"https:\/\/schema.org\/mainEntityOfPage\" ><span itemprop='name'>Tips for Taking Photos of Silver Jewellery with Mobile Phone<\/span><\/span><\/span><\/article><article class='post-entry post-entry-type-standard post-entry-1134 post-loop-2 post-parity-even single-big with-slider post-1134 post type-post status-publish format-standard has-post-thumbnail hentry category-blog'  itemscope=\"itemscope\" itemtype=\"https:\/\/schema.org\/BlogPosting\" ><div class=\"big-preview single-big\"><a href=\"https:\/\/www.ozcangumus.com.tr\/en\/gumus-taki-magazasi-acacaklara-tavsiyeler\/\" title=\"Recommendations for People Who Want to Open Silver Accessories Store\"><img width=\"1500\" height=\"630\" src=\"https:\/\/www.ozcangumus.com.tr\/wp\/wp-content\/uploads\/vitrin-1500x630.jpg\" class=\"attachment-featured_large size-featured_large wp-post-image\" alt=\"\" loading=\"lazy\" \/><\/a><\/div><div class='blog-meta'><\/div><div class='entry-content-wrapper clearfix standard-content'><header class=\"entry-content-header\"><h2 class='post-title entry-title'  itemprop=\"headline\" >\t<a href='https:\/\/www.ozcangumus.com.tr\/en\/gumus-taki-magazasi-acacaklara-tavsiyeler\/' rel='bookmark' title='Permanent Link: Recommendations for People Who Want to Open Silver Accessories Store'>Recommendations for People Who Want to Open Silver Accessories Store\t\t\t<span class='post-format-icon minor-meta'><\/span>\t<\/a><\/h2><span class='post-meta-infos'><time class='date-container minor-meta updated' >10 October 2017<\/time><span class='text-sep text-sep-date'>\/<\/span><span class='comment-container minor-meta'><a href=\"https:\/\/www.ozcangumus.com.tr\/en\/gumus-taki-magazasi-acacaklara-tavsiyeler\/#respond\" class=\"comments-link\" >0 Comments<\/a><\/span><span class='text-sep text-sep-comment'>\/<\/span><span class=\"blog-categories minor-meta\">in <a href=\"https:\/\/www.ozcangumus.com.tr\/blog\/\" rel=\"tag\">Blog<\/a> <\/span><span class=\"text-sep text-sep-cat\">\/<\/span><span class=\"blog-author minor-meta\">by <span class=\"entry-author-link\" ><span class=\"vcard author\"><span class=\"fn\"><a href=\"https:\/\/www.ozcangumus.com.tr\/en\/author\/fatih\/\" title=\"Posts by Fatih \u00d6zcan\" rel=\"author\">Fatih \u00d6zcan<\/a><\/span><\/span><\/span><\/span><\/span><\/header><div class=\"entry-content\"  itemprop=\"text\" ><p>Today, one of the most popular sector is silver accessories and this area has become important. As Internet use increases day by day, fashion has become widely available and many people are willing to follow this trend. If you are interested in silver sector and want to open a store, you should follow some recommendations. [&hellip;]<\/p>\n<div class=\"read-more-link\"><a href=\"https:\/\/www.ozcangumus.com.tr\/en\/gumus-taki-magazasi-acacaklara-tavsiyeler\/\" class=\"more-link\">Read more<span class=\"more-link-arrow\"><\/span><\/a><\/div>\n<\/div><footer class=\"entry-footer\"><\/footer><div class='post_delimiter'><\/div><\/div><div class='post_author_timeline'><\/div><span class='hidden'>\n\t\t\t<span class='av-structured-data'  itemscope=\"itemscope\" itemtype=\"https:\/\/schema.org\/ImageObject\"  itemprop='image'>\n\t\t\t\t\t   <span itemprop='url' >https:\/\/www.ozcangumus.com.tr\/wp\/wp-content\/uploads\/vitrin.jpg<\/span>\n\t\t\t\t\t   <span itemprop='height' >1152<\/span>\n\t\t\t\t\t   <span itemprop='width' >2048<\/span>\n\t\t\t\t  <\/span><span class='av-structured-data'  itemprop=\"publisher\" itemtype=\"https:\/\/schema.org\/Organization\" itemscope=\"itemscope\" >\n\t\t\t\t<span itemprop='name'>Fatih \u00d6zcan<\/span>\n\t\t\t\t<span itemprop='logo' itemscope itemtype='http:\/\/schema.org\/ImageObject'>\n\t\t\t\t   <span itemprop='url'>http:\/\/ozcangumus.com.tr\/wp\/wp-content\/uploads\/2017\/08\/web-logo-v2.png<\/span>\n\t\t\t\t <\/span>\n\t\t\t  <\/span><span class='av-structured-data'  itemprop=\"author\" itemscope=\"itemscope\" itemtype=\"https:\/\/schema.org\/Person\" ><span itemprop='name'>Fatih \u00d6zcan<\/span><\/span><span class='av-structured-data'  itemprop=\"datePublished\" datetime=\"2017-10-10T15:20:12+03:00\" >2017-10-10 15:20:12<\/span><span class='av-structured-data'  itemprop=\"dateModified\" itemtype=\"https:\/\/schema.org\/dateModified\" >2017-10-11 17:54:55<\/span><span class='av-structured-data'  itemprop=\"mainEntityOfPage\" itemtype=\"https:\/\/schema.org\/mainEntityOfPage\" ><span itemprop='name'>Recommendations for People Who Want to Open Silver Accessories Store<\/span><\/span><\/span><\/article><article class='post-entry post-entry-type-standard post-entry-954 post-loop-3 post-parity-odd post-entry-last single-big with-slider post-954 post type-post status-publish format-standard has-post-thumbnail hentry category-blog'  itemscope=\"itemscope\" itemtype=\"https:\/\/schema.org\/BlogPosting\" ><div class=\"big-preview single-big\"><a href=\"https:\/\/www.ozcangumus.com.tr\/en\/gumus-madeninin-tip-alanindaki-etkileri\/\" title=\"Medical Benefits of Silver Mine\"><img width=\"960\" height=\"536\" src=\"https:\/\/www.ozcangumus.com.tr\/wp\/wp-content\/uploads\/2017\/09\/gumus_maden.jpg\" class=\"attachment-featured_large size-featured_large wp-post-image\" alt=\"\" loading=\"lazy\" srcset=\"https:\/\/www.ozcangumus.com.tr\/wp\/wp-content\/uploads\/2017\/09\/gumus_maden.jpg 960w, https:\/\/www.ozcangumus.com.tr\/wp\/wp-content\/uploads\/2017\/09\/gumus_maden-300x168.jpg 300w, https:\/\/www.ozcangumus.com.tr\/wp\/wp-content\/uploads\/2017\/09\/gumus_maden-768x429.jpg 768w, https:\/\/www.ozcangumus.com.tr\/wp\/wp-content\/uploads\/2017\/09\/gumus_maden-705x394.jpg 705w, https:\/\/www.ozcangumus.com.tr\/wp\/wp-content\/uploads\/2017\/09\/gumus_maden-450x251.jpg 450w\" sizes=\"(max-width: 960px) 100vw, 960px\" \/><\/a><\/div><div class='blog-meta'><\/div><div class='entry-content-wrapper clearfix standard-content'><header class=\"entry-content-header\"><h2 class='post-title entry-title'  itemprop=\"headline\" >\t<a href='https:\/\/www.ozcangumus.com.tr\/en\/gumus-madeninin-tip-alanindaki-etkileri\/' rel='bookmark' title='Permanent Link: Medical Benefits of Silver Mine'>Medical Benefits of Silver Mine\t\t\t<span class='post-format-icon minor-meta'><\/span>\t<\/a><\/h2><span class='post-meta-infos'><time class='date-container minor-meta updated' >6 September 2017<\/time><span class='text-sep text-sep-date'>\/<\/span><span class='comment-container minor-meta'><a href=\"https:\/\/www.ozcangumus.com.tr\/en\/gumus-madeninin-tip-alanindaki-etkileri\/#respond\" class=\"comments-link\" >0 Comments<\/a><\/span><span class='text-sep text-sep-comment'>\/<\/span><span class=\"blog-categories minor-meta\">in <a href=\"https:\/\/www.ozcangumus.com.tr\/blog\/\" rel=\"tag\">Blog<\/a> <\/span><span class=\"text-sep text-sep-cat\">\/<\/span><span class=\"blog-author minor-meta\">by <span class=\"entry-author-link\" ><span class=\"vcard author\"><span class=\"fn\"><a href=\"https:\/\/www.ozcangumus.com.tr\/en\/author\/fatih\/\" title=\"Posts by Fatih \u00d6zcan\" rel=\"author\">Fatih \u00d6zcan<\/a><\/span><\/span><\/span><\/span><\/span><\/header><div class=\"entry-content\"  itemprop=\"text\" ><p>Silver had an interesting history and we have an extensive knowledge about the use of this material. Silver has a wide range of usage area. Silver is not only used for producing jewellery, souvenirs, and ornaments, but it is also used in the medical sector. In 14th century European context, anti-bacterial property of silver was [&hellip;]<\/p>\n<div class=\"read-more-link\"><a href=\"https:\/\/www.ozcangumus.com.tr\/en\/gumus-madeninin-tip-alanindaki-etkileri\/\" class=\"more-link\">Read more<span class=\"more-link-arrow\"><\/span><\/a><\/div>\n<\/div><footer class=\"entry-footer\"><\/footer><div class='post_delimiter'><\/div><\/div><div class='post_author_timeline'><\/div><span class='hidden'>\n\t\t\t<span class='av-structured-data'  itemscope=\"itemscope\" itemtype=\"https:\/\/schema.org\/ImageObject\"  itemprop='image'>\n\t\t\t\t\t   <span itemprop='url' >https:\/\/www.ozcangumus.com.tr\/wp\/wp-content\/uploads\/2017\/09\/gumus_maden.jpg<\/span>\n\t\t\t\t\t   <span itemprop='height' >536<\/span>\n\t\t\t\t\t   <span itemprop='width' >960<\/span>\n\t\t\t\t  <\/span><span class='av-structured-data'  itemprop=\"publisher\" itemtype=\"https:\/\/schema.org\/Organization\" itemscope=\"itemscope\" >\n\t\t\t\t<span itemprop='name'>Fatih \u00d6zcan<\/span>\n\t\t\t\t<span itemprop='logo' itemscope itemtype='http:\/\/schema.org\/ImageObject'>\n\t\t\t\t   <span itemprop='url'>http:\/\/ozcangumus.com.tr\/wp\/wp-content\/uploads\/2017\/08\/web-logo-v2.png<\/span>\n\t\t\t\t <\/span>\n\t\t\t  <\/span><span class='av-structured-data'  itemprop=\"author\" itemscope=\"itemscope\" itemtype=\"https:\/\/schema.org\/Person\" ><span itemprop='name'>Fatih \u00d6zcan<\/span><\/span><span class='av-structured-data'  itemprop=\"datePublished\" datetime=\"2017-09-06T11:57:09+03:00\" >2017-09-06 11:57:09<\/span><span class='av-structured-data'  itemprop=\"dateModified\" itemtype=\"https:\/\/schema.org\/dateModified\" >2017-10-10 13:08:45<\/span><span class='av-structured-data'  itemprop=\"mainEntityOfPage\" itemtype=\"https:\/\/schema.org\/mainEntityOfPage\" ><span itemprop='name'>Medical Benefits of Silver Mine<\/span><\/span><\/span><\/article><div class='single-big'><nav class='pagination'><span class='pagination-meta'>Page 1 of 2<\/span><span class='current'>1<\/span><a href='https:\/\/www.ozcangumus.com.tr\/en\/wp-json\/wp\/v2\/pages\/789\/page\/2\/' class='inactive' >2<\/a><\/nav>\n<\/div><\/div>\n","protected":false},"excerpt":{"rendered":"","protected":false},"author":1,"featured_media":0,"parent":0,"menu_order":0,"comment_status":"closed","ping_status":"closed","template":"","meta":[],"yoast_head":"<!-- This site is optimized with the Yoast SEO plugin v16.2 - https:\/\/yoast.com\/wordpress\/plugins\/seo\/ -->\n<title>Blog - \u00d6zcan G\u00fcm\u00fc\u015f<\/title>\n<meta name=\"robots\" content=\"index, follow, max-snippet:-1, max-image-preview:large, max-video-preview:-1\" \/>\n<link rel=\"canonical\" href=\"https:\/\/www.ozcangumus.com.tr\/en\/blog\/\" \/>\n<meta property=\"og:locale\" content=\"en_US\" \/>\n<meta property=\"og:type\" content=\"article\" \/>\n<meta property=\"og:title\" content=\"Blog - \u00d6zcan G\u00fcm\u00fc\u015f\" \/>\n<meta property=\"og:url\" content=\"https:\/\/www.ozcangumus.com.tr\/en\/blog\/\" \/>\n<meta property=\"og:site_name\" content=\"\u00d6zcan G\u00fcm\u00fc\u015f\" \/>\n<meta property=\"article:modified_time\" content=\"2017-09-06T18:18:31+00:00\" \/>\n<meta name=\"twitter:card\" content=\"summary\" \/>\n<script type=\"application\/ld+json\" class=\"yoast-schema-graph\">{\"@context\":\"https:\/\/schema.org\",\"@graph\":[{\"@type\":\"WebSite\",\"@id\":\"https:\/\/www.ozcangumus.com.tr\/#website\",\"url\":\"https:\/\/www.ozcangumus.com.tr\/\",\"name\":\"\\u00d6zcan G\\u00fcm\\u00fc\\u015f\",\"description\":\"Toptan G\\u00fcm\\u00fc\\u015f Sat\\u0131\\u015f\\u0131\",\"potentialAction\":[{\"@type\":\"SearchAction\",\"target\":\"https:\/\/www.ozcangumus.com.tr\/?s={search_term_string}\",\"query-input\":\"required name=search_term_string\"}],\"inLanguage\":\"en-US\"},{\"@type\":\"WebPage\",\"@id\":\"https:\/\/www.ozcangumus.com.tr\/en\/blog\/#webpage\",\"url\":\"https:\/\/www.ozcangumus.com.tr\/en\/blog\/\",\"name\":\"Blog - \\u00d6zcan G\\u00fcm\\u00fc\\u015f\",\"isPartOf\":{\"@id\":\"https:\/\/www.ozcangumus.com.tr\/#website\"},\"datePublished\":\"2017-07-26T09:37:10+00:00\",\"dateModified\":\"2017-09-06T18:18:31+00:00\",\"breadcrumb\":{\"@id\":\"https:\/\/www.ozcangumus.com.tr\/en\/blog\/#breadcrumb\"},\"inLanguage\":\"en-US\",\"potentialAction\":[{\"@type\":\"ReadAction\",\"target\":[\"https:\/\/www.ozcangumus.com.tr\/en\/blog\/\"]}]},{\"@type\":\"BreadcrumbList\",\"@id\":\"https:\/\/www.ozcangumus.com.tr\/en\/blog\/#breadcrumb\",\"itemListElement\":[{\"@type\":\"ListItem\",\"position\":1,\"item\":{\"@type\":\"WebPage\",\"@id\":\"https:\/\/www.ozcangumus.com.tr\/en\/\",\"url\":\"https:\/\/www.ozcangumus.com.tr\/en\/\",\"name\":\"{lang:home}\"}},{\"@type\":\"ListItem\",\"position\":2,\"item\":{\"@id\":\"https:\/\/www.ozcangumus.com.tr\/en\/blog\/#webpage\"}}]}]}<\/script>\n<!-- \/ Yoast SEO plugin. -->","_links":{"self":[{"href":"https:\/\/www.ozcangumus.com.tr\/en\/wp-json\/wp\/v2\/pages\/789"}],"collection":[{"href":"https:\/\/www.ozcangumus.com.tr\/en\/wp-json\/wp\/v2\/pages"}],"about":[{"href":"https:\/\/www.ozcangumus.com.tr\/en\/wp-json\/wp\/v2\/types\/page"}],"author":[{"embeddable":true,"href":"https:\/\/www.ozcangumus.com.tr\/en\/wp-json\/wp\/v2\/users\/1"}],"replies":[{"embeddable":true,"href":"https:\/\/www.ozcangumus.com.tr\/en\/wp-json\/wp\/v2\/comments?post=789"}],"version-history":[{"count":3,"href":"https:\/\/www.ozcangumus.com.tr\/en\/wp-json\/wp\/v2\/pages\/789\/revisions"}],"predecessor-version":[{"id":826,"href":"https:\/\/www.ozcangumus.com.tr\/en\/wp-json\/wp\/v2\/pages\/789\/revisions\/826"}],"wp:attachment":[{"href":"https:\/\/www.ozcangumus.com.tr\/en\/wp-json\/wp\/v2\/media?parent=789"}],"curies":[{"name":"wp","href":"https:\/\/api.w.org\/{rel}","templated":true}]}}