{"id":778,"date":"2017-07-26T12:10:19","date_gmt":"2017-07-26T09:10:19","guid":{"rendered":"http:\/\/ozcangumus.com.tr\/bize-ulasin\/"},"modified":"2017-09-06T22:50:34","modified_gmt":"2017-09-06T19:50:34","slug":"contact-us","status":"publish","type":"page","link":"https:\/\/www.ozcangumus.com.tr\/en\/contact-us\/","title":{"rendered":"Contact Us"},"content":{"rendered":"<\/div><\/div><\/div><!-- close content main div --><\/div><\/div><div id='av_section_1' class='avia-section main_color avia-section-default avia-no-shadow avia-bg-style-scroll   container_wrap sidebar_right'   ><div class='container' ><div class='template-page content  av-content-small alpha units'><div class='post-entry post-entry-type-page post-entry-778'><div class='entry-content-wrapper clearfix'>\n<div class=\"flex_column av_one_half  flex_column_div av-zero-column-padding first   \" style='margin-top:0px; margin-bottom:0px; border-radius:0px; '><p><div style='padding-bottom:10px;' class='av-special-heading av-special-heading-h3     '><h3 class='av-special-heading-tag '  itemprop=\"headline\"  >Contact Information<\/h3><div class='special-heading-border'><div class='special-heading-inner-border' ><\/div><\/div><\/div><br \/>\n<div class='avia-icon-list-container   '><ul class='avia-icon-list avia-icon-list-left av-iconlist-big avia_animate_when_almost_visible'>\n<li><div  style='background-color:#e7c26c; border:1px solid #e7c26c; ' class='iconlist_icon  avia-font-entypo-fontello'><span class='iconlist-char ' aria-hidden='true' data-av_icon='\ue842' data-av_iconfont='entypo-fontello'><\/span><\/div><article class=\"article-icon-entry \"  itemscope=\"itemscope\" itemtype=\"https:\/\/schema.org\/CreativeWork\" ><div class='iconlist_content_wrap'><header class=\"entry-content-header\"><h4 class='av_iconlist_title iconlist_title  '  itemprop=\"headline\"  >\u00d6zcan G\u00fcm\u00fc\u015f<\/h4><\/header><div class='iconlist_content  '  itemprop=\"text\"  ><p>Mollafenari Mah. K\u00fcrk\u00e7\u00fcler Pazar\u0131 Sk. No:4B<br \/>\n34110 Fatih\/\u0130stanbul<\/p>\n<\/div><\/div><footer class=\"entry-footer\"><\/footer><\/article><div class='iconlist-timeline'><\/div><\/li>\n<li><div  style='background-color:#e7c26c; border:1px solid #e7c26c; ' class='iconlist_icon  avia-font-entypo-fontello'><span class='iconlist-char ' aria-hidden='true' data-av_icon='\ue854' data-av_iconfont='entypo-fontello'><\/span><\/div><article class=\"article-icon-entry \"  itemscope=\"itemscope\" itemtype=\"https:\/\/schema.org\/CreativeWork\" ><div class='iconlist_content_wrap'><header class=\"entry-content-header\"><h4 class='av_iconlist_title iconlist_title  '  itemprop=\"headline\"  >Phone<\/h4><\/header><div class='iconlist_content  '  itemprop=\"text\"  ><p><a href=\"tel:+90 212 522 36 08\">+90 212 528 63 31<\/a><\/p>\n<\/div><\/div><footer class=\"entry-footer\"><\/footer><\/article><div class='iconlist-timeline'><\/div><\/li>\n<li><div  style='background-color:#e7c26c; border:1px solid #e7c26c; ' class='iconlist_icon  avia-font-entypo-fontello'><span class='iconlist-char ' aria-hidden='true' data-av_icon='\ue8b7' data-av_iconfont='entypo-fontello'><\/span><\/div><article class=\"article-icon-entry \"  itemscope=\"itemscope\" itemtype=\"https:\/\/schema.org\/CreativeWork\" ><div class='iconlist_content_wrap'><header class=\"entry-content-header\"><h4 class='av_iconlist_title iconlist_title  '  itemprop=\"headline\"  >Email<\/h4><\/header><div class='iconlist_content  '  itemprop=\"text\"  ><p><a href=\"mailto:info@ozcangumus.com.tr\">info@ozcangumus.com.tr<\/a><\/p>\n<\/div><\/div><footer class=\"entry-footer\"><\/footer><\/article><div class='iconlist-timeline'><\/div><\/li>\n<\/ul><\/div><\/p><\/div><div class=\"flex_column av_one_half  flex_column_div av-zero-column-padding   \" style='margin-top:0px; margin-bottom:0px; border-radius:0px; '><p><div style='padding-bottom:10px;' class='av-special-heading av-special-heading-h3     '><h3 class='av-special-heading-tag '  itemprop=\"headline\"  >Contact Form<\/h3><div class='special-heading-border'><div class='special-heading-inner-border' ><\/div><\/div><\/div><br \/>\n<section class=\"av_textblock_section \"  itemscope=\"itemscope\" itemtype=\"https:\/\/schema.org\/CreativeWork\" ><div class='avia_textblock  '   itemprop=\"text\" ><div role=\"form\" class=\"wpcf7\" id=\"wpcf7-f1019-o1\" lang=\"en-US\" dir=\"ltr\">\n<div class=\"screen-reader-response\"><p role=\"status\" aria-live=\"polite\" aria-atomic=\"true\"><\/p> <ul><\/ul><\/div>\n<form action=\"\/en\/wp-json\/wp\/v2\/pages\/778#wpcf7-f1019-o1\" method=\"post\" class=\"wpcf7-form init\" novalidate=\"novalidate\" data-status=\"init\">\n<div style=\"display: none;\">\n<input type=\"hidden\" name=\"_wpcf7\" value=\"1019\" \/>\n<input type=\"hidden\" name=\"_wpcf7_version\" value=\"5.4.1\" \/>\n<input type=\"hidden\" name=\"_wpcf7_locale\" value=\"en_US\" \/>\n<input type=\"hidden\" name=\"_wpcf7_unit_tag\" value=\"wpcf7-f1019-o1\" \/>\n<input type=\"hidden\" name=\"_wpcf7_container_post\" value=\"0\" \/>\n<input type=\"hidden\" name=\"_wpcf7_posted_data_hash\" value=\"\" \/>\n<\/div>\n<div class=\"avia_ajax_form av-form-labels-visible avia-disable-default-ajax c-form\">\n    <p class=\"first_form  form_element form_element_half\">\n      <label>First Name \n        <abbr class=\"required\" title=\"required\">*\n        <\/abbr>\n      <\/label> \n      <span class=\"wpcf7-form-control-wrap ad\"><input type=\"text\" name=\"ad\" value=\"\" size=\"40\" class=\"wpcf7-form-control wpcf7-text wpcf7-validates-as-required c-form__input\" aria-required=\"true\" aria-invalid=\"false\" \/><\/span>\n    <\/p>\n    <p class=\" form_element form_element_half\">\n      <label>Last Name\n        <abbr class=\"required\" title=\"required\">*\n        <\/abbr>\n      <\/label> \n      <span class=\"wpcf7-form-control-wrap soyad\"><input type=\"text\" name=\"soyad\" value=\"\" size=\"40\" class=\"wpcf7-form-control wpcf7-text wpcf7-validates-as-required c-form__input\" aria-required=\"true\" aria-invalid=\"false\" \/><\/span>\n    <\/p>\n\n    <p class=\"first_form  form_element form_element_half\">\n      <label>Email\n        <abbr class=\"required\" title=\"required\">*\n        <\/abbr>\n      <\/label> \n      <span class=\"wpcf7-form-control-wrap eposta\"><input type=\"email\" name=\"eposta\" value=\"\" size=\"40\" class=\"wpcf7-form-control wpcf7-text wpcf7-email wpcf7-validates-as-required wpcf7-validates-as-email c-form__input\" aria-required=\"true\" aria-invalid=\"false\" \/><\/span>\n    <\/p>\n    <p class=\" form_element form_element_half\">\n      <label>Phone\n      <\/label> \n      <span class=\"wpcf7-form-control-wrap tel\"><input type=\"text\" name=\"tel\" value=\"\" size=\"40\" class=\"wpcf7-form-control wpcf7-text c-form__input\" aria-invalid=\"false\" \/><\/span>\n    <\/p>\n\n    <p class=\"first_form form_element form_fullwidth\">\n      <label>Message \n        <abbr class=\"required\" title=\"required\">*\n        <\/abbr>\n      <\/label> \n      <span class=\"wpcf7-form-control-wrap mesaj\"><textarea name=\"mesaj\" cols=\"40\" rows=\"10\" class=\"wpcf7-form-control wpcf7-textarea wpcf7-validates-as-required c-form__input\" aria-required=\"true\" aria-invalid=\"false\"><\/textarea><\/span>\n    <\/p>\n\n    <div class=\"first_form form_element form_element_fullwidth\">\n      <label>Prove that you are a human\n        <abbr class=\"required\" title=\"required\">*\n        <\/abbr>\n      <\/label> \n    [recaptcha]\n    <\/div>\n\n    <p class=\"form_element \">\n      <input type=\"submit\" value=\"Submit\" class=\"wpcf7-form-control wpcf7-submit c-form__submit\" \/>\n    <\/p>\n<\/div><div class=\"wpcf7-response-output\" aria-hidden=\"true\"><\/div><\/form><\/div>\n<\/div><\/section><\/p><\/div><\/div><\/div><\/div><!-- close content main div --><\/div><\/div><div id='after_section_1' class='main_color av_default_container_wrap container_wrap sidebar_right'   ><div class='container' ><div class='template-page content  av-content-small alpha units'><div class='post-entry post-entry-type-page post-entry-778'><div class='entry-content-wrapper clearfix'><div id='av_gmap_1' class='avia-google-map-container ' data-mapid='1' style='height: 400px;'><\/div><\/p>\n","protected":false},"excerpt":{"rendered":"","protected":false},"author":1,"featured_media":0,"parent":0,"menu_order":0,"comment_status":"closed","ping_status":"closed","template":"","meta":[],"yoast_head":"<!-- This site is optimized with the Yoast SEO plugin v16.2 - https:\/\/yoast.com\/wordpress\/plugins\/seo\/ -->\n<title>Bize Ula\u015f\u0131n, \u0130leti\u015fim | \u00d6zcan G\u00fcm\u00fc\u015f Sanayi ve Tic. Ltd. \u015eti.<\/title>\n<meta name=\"description\" content=\"\u0130\u015flemlerinizi kolayca halletmek, akl\u0131n\u0131za tak\u0131lan her soruya an\u0131nda cevap bulabilmek, toptan g\u00fcm\u00fc\u015f tak\u0131 sat\u0131n alabilmek i\u00e7in \u015fimdi bize ula\u015f\u0131n.\" \/>\n<meta name=\"robots\" content=\"index, follow, max-snippet:-1, max-image-preview:large, max-video-preview:-1\" \/>\n<link rel=\"canonical\" href=\"https:\/\/www.ozcangumus.com.tr\/en\/contact-us\/\" \/>\n<meta property=\"og:locale\" content=\"en_US\" \/>\n<meta property=\"og:type\" content=\"article\" \/>\n<meta property=\"og:title\" content=\"Bize Ula\u015f\u0131n, \u0130leti\u015fim | \u00d6zcan G\u00fcm\u00fc\u015f Sanayi ve Tic. Ltd. \u015eti.\" \/>\n<meta property=\"og:description\" content=\"\u0130\u015flemlerinizi kolayca halletmek, akl\u0131n\u0131za tak\u0131lan her soruya an\u0131nda cevap bulabilmek, toptan g\u00fcm\u00fc\u015f tak\u0131 sat\u0131n alabilmek i\u00e7in \u015fimdi bize ula\u015f\u0131n.\" \/>\n<meta property=\"og:url\" content=\"https:\/\/www.ozcangumus.com.tr\/en\/contact-us\/\" \/>\n<meta property=\"og:site_name\" content=\"\u00d6zcan G\u00fcm\u00fc\u015f\" \/>\n<meta property=\"article:modified_time\" content=\"2017-09-06T19:50:34+00:00\" \/>\n<meta name=\"twitter:card\" content=\"summary\" \/>\n<meta name=\"twitter:label1\" content=\"Est. reading time\">\n\t<meta name=\"twitter:data1\" content=\"3 minutes\">\n<script type=\"application\/ld+json\" class=\"yoast-schema-graph\">{\"@context\":\"https:\/\/schema.org\",\"@graph\":[{\"@type\":\"WebSite\",\"@id\":\"https:\/\/www.ozcangumus.com.tr\/#website\",\"url\":\"https:\/\/www.ozcangumus.com.tr\/\",\"name\":\"\\u00d6zcan G\\u00fcm\\u00fc\\u015f\",\"description\":\"Toptan G\\u00fcm\\u00fc\\u015f Sat\\u0131\\u015f\\u0131\",\"potentialAction\":[{\"@type\":\"SearchAction\",\"target\":\"https:\/\/www.ozcangumus.com.tr\/?s={search_term_string}\",\"query-input\":\"required name=search_term_string\"}],\"inLanguage\":\"en-US\"},{\"@type\":\"WebPage\",\"@id\":\"https:\/\/www.ozcangumus.com.tr\/en\/contact-us\/#webpage\",\"url\":\"https:\/\/www.ozcangumus.com.tr\/en\/contact-us\/\",\"name\":\"Bize Ula\\u015f\\u0131n, \\u0130leti\\u015fim | \\u00d6zcan G\\u00fcm\\u00fc\\u015f Sanayi ve Tic. Ltd. \\u015eti.\",\"isPartOf\":{\"@id\":\"https:\/\/www.ozcangumus.com.tr\/#website\"},\"datePublished\":\"2017-07-26T09:10:19+00:00\",\"dateModified\":\"2017-09-06T19:50:34+00:00\",\"description\":\"\\u0130\\u015flemlerinizi kolayca halletmek, akl\\u0131n\\u0131za tak\\u0131lan her soruya an\\u0131nda cevap bulabilmek, toptan g\\u00fcm\\u00fc\\u015f tak\\u0131 sat\\u0131n alabilmek i\\u00e7in \\u015fimdi bize ula\\u015f\\u0131n.\",\"breadcrumb\":{\"@id\":\"https:\/\/www.ozcangumus.com.tr\/en\/contact-us\/#breadcrumb\"},\"inLanguage\":\"en-US\",\"potentialAction\":[{\"@type\":\"ReadAction\",\"target\":[\"https:\/\/www.ozcangumus.com.tr\/en\/contact-us\/\"]}]},{\"@type\":\"BreadcrumbList\",\"@id\":\"https:\/\/www.ozcangumus.com.tr\/en\/contact-us\/#breadcrumb\",\"itemListElement\":[{\"@type\":\"ListItem\",\"position\":1,\"item\":{\"@type\":\"WebPage\",\"@id\":\"https:\/\/www.ozcangumus.com.tr\/en\/\",\"url\":\"https:\/\/www.ozcangumus.com.tr\/en\/\",\"name\":\"{lang:home}\"}},{\"@type\":\"ListItem\",\"position\":2,\"item\":{\"@id\":\"https:\/\/www.ozcangumus.com.tr\/en\/contact-us\/#webpage\"}}]}]}<\/script>\n<!-- \/ Yoast SEO plugin. -->","_links":{"self":[{"href":"https:\/\/www.ozcangumus.com.tr\/en\/wp-json\/wp\/v2\/pages\/778"}],"collection":[{"href":"https:\/\/www.ozcangumus.com.tr\/en\/wp-json\/wp\/v2\/pages"}],"about":[{"href":"https:\/\/www.ozcangumus.com.tr\/en\/wp-json\/wp\/v2\/types\/page"}],"author":[{"embeddable":true,"href":"https:\/\/www.ozcangumus.com.tr\/en\/wp-json\/wp\/v2\/users\/1"}],"replies":[{"embeddable":true,"href":"https:\/\/www.ozcangumus.com.tr\/en\/wp-json\/wp\/v2\/comments?post=778"}],"version-history":[{"count":3,"href":"https:\/\/www.ozcangumus.com.tr\/en\/wp-json\/wp\/v2\/pages\/778\/revisions"}],"predecessor-version":[{"id":1018,"href":"https:\/\/www.ozcangumus.com.tr\/en\/wp-json\/wp\/v2\/pages\/778\/revisions\/1018"}],"wp:attachment":[{"href":"https:\/\/www.ozcangumus.com.tr\/en\/wp-json\/wp\/v2\/media?parent=778"}],"curies":[{"name":"wp","href":"https:\/\/api.w.org\/{rel}","templated":true}]}}