{"id":774,"date":"2017-07-26T12:03:31","date_gmt":"2017-07-26T09:03:31","guid":{"rendered":"http:\/\/ozcangumus.com.tr\/nasil-musteri-olurum\/"},"modified":"2017-10-10T10:53:10","modified_gmt":"2017-10-10T07:53:10","slug":"how-can-i-be-a-customer","status":"publish","type":"page","link":"https:\/\/www.ozcangumus.com.tr\/en\/how-can-i-be-a-customer\/","title":{"rendered":"How Can I Be A Customer?"},"content":{"rendered":"<\/div><\/div><\/div><!-- close content main div --><\/div><\/div><div id='av_section_1' class='avia-section main_color avia-section-default avia-no-shadow avia-bg-style-scroll   container_wrap sidebar_right'   ><div class='container' ><div class='template-page content  av-content-small alpha units'><div class='post-entry post-entry-type-page post-entry-774'><div class='entry-content-wrapper clearfix'>\n<div class=\"flex_column av_one_full  flex_column_div av-zero-column-padding first  \" style='border-radius:0px; '><section class=\"av_textblock_section \"  itemscope=\"itemscope\" itemtype=\"https:\/\/schema.org\/CreativeWork\" ><div class='avia_textblock  '  style='font-size:24px; '  itemprop=\"text\" ><p style=\"text-align: center;\"><a href=\"http:\/\/shop.ozcangumus.com.tr\">shop.ozcangumus.com.tr<\/a> is a website that actualizes wholesale silver jewel. Products are only buyable as wholesale and this site is an enterprise that planned to reach the products to buyers fast and safe.<\/p>\n<\/div><\/section><\/div>\n<\/div><\/div><\/div><!-- close content main div --><\/div><\/div><div id='after_section_1' class='main_color av_default_container_wrap container_wrap sidebar_right'   ><div class='container' ><div class='template-page content  av-content-small alpha units'><div class='post-entry post-entry-type-page post-entry-774'><div class='entry-content-wrapper clearfix'>\n<\/div><\/div><\/div><!-- close content main div --><\/div><\/div><div id='av_section_2' class='avia-section main_color avia-section-no-padding avia-no-shadow avia-bg-style-scroll    av-minimum-height av-minimum-height-custom container_wrap sidebar_right' style = 'background-color: #f6f6f6; '  ><div class='container' style='height:10px'><div class='template-page content  av-content-small alpha units'><div class='post-entry post-entry-type-page post-entry-774'><div class='entry-content-wrapper clearfix'><\/div><\/div><\/div><!-- close content main div --><\/div><\/div><div id='after_section_2' class='main_color av_default_container_wrap container_wrap sidebar_right'   ><div class='container' ><div class='template-page content  av-content-small alpha units'><div class='post-entry post-entry-type-page post-entry-774'><div class='entry-content-wrapper clearfix'>\n<\/div><\/div><\/div><!-- close content main div --><\/div><\/div><div id='av_section_3' class='avia-section main_color avia-section-default avia-no-shadow avia-bg-style-scroll   container_wrap sidebar_right'   ><div class='container' ><div class='template-page content  av-content-small alpha units'><div class='post-entry post-entry-type-page post-entry-774'><div class='entry-content-wrapper clearfix'>\n<div class=\"flex_column av_one_half  flex_column_div av-zero-column-padding first   \" style='border-radius:0px; '><div style='padding-bottom:10px;' class='av-special-heading av-special-heading-h2  blockquote modern-quote   '><h2 class='av-special-heading-tag '  itemprop=\"headline\"  >Who can buy into the shop.ozcangumus.com.tr website?<\/h2><div class='special-heading-border'><div class='special-heading-inner-border' ><\/div><\/div><\/div><\/div><div class=\"flex_column av_one_half  flex_column_div av-zero-column-padding   \" style='border-radius:0px; '><section class=\"av_textblock_section \"  itemscope=\"itemscope\" itemtype=\"https:\/\/schema.org\/CreativeWork\" ><div class='avia_textblock  '   itemprop=\"text\" ><ul>\n<li>People who sell silver jewel as wholesale<\/li>\n<li>People who do middle wholesaling,<\/li>\n<li>People who do wholesale silver export,<\/li>\n<li>People who have retail silver jewel store, mall stand, e-trade site,<\/li>\n<li>and people or businesses who are performing sale which has at least 1 channel can do shop on shop.ozcangumus.com.tr website.<\/li>\n<\/ul>\n<\/div><\/section><\/div>\n<\/div><\/div><\/div><!-- close content main div --><\/div><\/div><div id='after_section_3' class='main_color av_default_container_wrap container_wrap sidebar_right'   ><div class='container' ><div class='template-page content  av-content-small alpha units'><div class='post-entry post-entry-type-page post-entry-774'><div class='entry-content-wrapper clearfix'>\n<\/div><\/div><\/div><!-- close content main div --><\/div><\/div><div id='av_section_4' class='avia-section main_color avia-section-no-padding avia-no-shadow avia-bg-style-scroll    av-minimum-height av-minimum-height-custom container_wrap sidebar_right' style = 'background-color: #f6f6f6; '  ><div class='container' style='height:10px'><div class='template-page content  av-content-small alpha units'><div class='post-entry post-entry-type-page post-entry-774'><div class='entry-content-wrapper clearfix'><\/div><\/div><\/div><!-- close content main div --><\/div><\/div><div id='after_section_4' class='main_color av_default_container_wrap container_wrap sidebar_right'   ><div class='container' ><div class='template-page content  av-content-small alpha units'><div class='post-entry post-entry-type-page post-entry-774'><div class='entry-content-wrapper clearfix'>\n<\/div><\/div><\/div><!-- close content main div --><\/div><\/div><div id='av_section_5' class='avia-section main_color avia-section-default avia-no-shadow avia-bg-style-scroll    container_wrap sidebar_right'   ><div class='container' ><div class='template-page content  av-content-small alpha units'><div class='post-entry post-entry-type-page post-entry-774'><div class='entry-content-wrapper clearfix'>\n<div class=\"flex_column av_one_half  flex_column_div av-zero-column-padding first   \" style='border-radius:0px; '><div style='padding-bottom:10px;' class='av-special-heading av-special-heading-h2  blockquote modern-quote   '><h2 class='av-special-heading-tag '  itemprop=\"headline\"  >How to be a member for shop.ozcangumus.com.tr website?<\/h2><div class='special-heading-border'><div class='special-heading-inner-border' ><\/div><\/div><\/div><\/div><div class=\"flex_column av_one_half  flex_column_div av-zero-column-padding   \" style='border-radius:0px; '><section class=\"av_textblock_section \"  itemscope=\"itemscope\" itemtype=\"https:\/\/schema.org\/CreativeWork\" ><div class='avia_textblock  '   itemprop=\"text\" ><p>You need to contact with \u00d6zcan G\u00fcm\u00fc\u015f to get encoded membership, access products and do wholesale shopping. \u00d6zcan G\u00fcm\u00fc\u015f could ask for you to sign agreement and tax certificate and ask for identity card or equal document, list of authorized signatures etc.<\/p>\n<p>You can contact with us via <a href=\"tel:+90 212 528 6331\">+902125286331<\/a> number, <a href=\"mailto:info@ozcangumus.com.tr\">info@ozcangumus.com.tr<\/a> e-mail address or filling the form which you can see by clicking <a href=\"http:\/\/ozcangumus.com.tr\/en\/contact-us\/\">here<\/a>.<\/p>\n<\/div><\/section><\/div><\/div><\/div><\/div><!-- close content main div --><\/div><\/div><div id='after_section_5' class='main_color av_default_container_wrap container_wrap sidebar_right'   ><div class='container' ><div class='template-page content  av-content-small alpha units'><div class='post-entry post-entry-type-page post-entry-774'><div class='entry-content-wrapper clearfix'><\/div><\/div><\/div><!-- close content main div --><\/div><\/div><div id='av_section_6' class='avia-section main_color avia-section-no-padding avia-no-shadow avia-bg-style-scroll    av-minimum-height av-minimum-height-custom container_wrap sidebar_right' style = 'background-color: #f6f6f6; '  ><div class='container' style='height:10px'><div class='template-page content  av-content-small alpha units'><div class='post-entry post-entry-type-page post-entry-774'><div class='entry-content-wrapper clearfix'><\/div><\/div><\/div><!-- close content main div --><\/div><\/div><div id='after_section_6' class='main_color av_default_container_wrap container_wrap sidebar_right'   ><div class='container' ><div class='template-page content  av-content-small alpha units'><div class='post-entry post-entry-type-page post-entry-774'><div class='entry-content-wrapper clearfix'><\/p>\n<\/div><\/div><\/div><!-- close content main div --><\/div><\/div><div id='av_section_7' class='avia-section main_color avia-section-default avia-no-shadow avia-bg-style-scroll    container_wrap sidebar_right'   ><div class='container' ><div class='template-page content  av-content-small alpha units'><div class='post-entry post-entry-type-page post-entry-774'><div class='entry-content-wrapper clearfix'>\n<div class=\"flex_column av_one_half  flex_column_div av-zero-column-padding first   \" style='border-radius:0px; '><div style='padding-bottom:10px;' class='av-special-heading av-special-heading-h2  blockquote modern-quote   '><h2 class='av-special-heading-tag '  itemprop=\"headline\"  >Additional informations about membership<\/h2><div class='special-heading-border'><div class='special-heading-inner-border' ><\/div><\/div><\/div><\/div><div class=\"flex_column av_one_half  flex_column_div av-zero-column-padding   \" style='border-radius:0px; '><section class=\"av_textblock_section \"  itemscope=\"itemscope\" itemtype=\"https:\/\/schema.org\/CreativeWork\" ><div class='avia_textblock  '   itemprop=\"text\" ><p>Access to website is only available for people and businesses that have \u00d6zcan G\u00fcm\u00fc\u015f Industry and Trade CO. LTD.\u2019s approval, other individual and businesses cannot access products\u2019 information, price and visuals.<\/p>\n<p>Enters to the website available with private passwords. The system can block the member\u2019s access to website if it detects any kind of danger, violation, copying or if assigned password used in different IP\u2019s, locations or region.<\/p>\n<\/div><\/section><\/div>\n<\/div><\/div><\/div><!-- close content main div --><\/div><\/div><div id='after_section_7' class='main_color av_default_container_wrap container_wrap sidebar_right'   ><div class='container' ><div class='template-page content  av-content-small alpha units'><div class='post-entry post-entry-type-page post-entry-774'><div class='entry-content-wrapper clearfix'>\n<\/div><\/div><\/div><!-- close content main div --><\/div><\/div><div id='av_section_8' class='avia-section main_color avia-section-no-padding avia-no-shadow avia-bg-style-scroll    av-minimum-height av-minimum-height-custom container_wrap sidebar_right' style = 'background-color: #f6f6f6; '  ><div class='container' style='height:10px'><div class='template-page content  av-content-small alpha units'><div class='post-entry post-entry-type-page post-entry-774'><div class='entry-content-wrapper clearfix'><\/div><\/div><\/div><!-- close content main div --><\/div><\/div><div id='after_section_8' class='main_color av_default_container_wrap container_wrap sidebar_right'   ><div class='container' ><div class='template-page content  av-content-small alpha units'><div class='post-entry post-entry-type-page post-entry-774'><div class='entry-content-wrapper clearfix'>\n","protected":false},"excerpt":{"rendered":"","protected":false},"author":1,"featured_media":0,"parent":0,"menu_order":0,"comment_status":"closed","ping_status":"closed","template":"","meta":[],"yoast_head":"<!-- This site is optimized with the Yoast SEO plugin v16.2 - https:\/\/yoast.com\/wordpress\/plugins\/seo\/ -->\n<title>How Can I Be A Customer? - \u00d6zcan G\u00fcm\u00fc\u015f<\/title>\n<meta name=\"robots\" content=\"index, follow, max-snippet:-1, max-image-preview:large, max-video-preview:-1\" \/>\n<link rel=\"canonical\" href=\"https:\/\/www.ozcangumus.com.tr\/en\/how-can-i-be-a-customer\/\" \/>\n<meta property=\"og:locale\" content=\"en_US\" \/>\n<meta property=\"og:type\" content=\"article\" \/>\n<meta property=\"og:title\" content=\"How Can I Be A Customer? - \u00d6zcan G\u00fcm\u00fc\u015f\" \/>\n<meta property=\"og:url\" content=\"https:\/\/www.ozcangumus.com.tr\/en\/how-can-i-be-a-customer\/\" \/>\n<meta property=\"og:site_name\" content=\"\u00d6zcan G\u00fcm\u00fc\u015f\" \/>\n<meta property=\"article:modified_time\" content=\"2017-10-10T07:53:10+00:00\" \/>\n<meta name=\"twitter:card\" content=\"summary\" \/>\n<meta name=\"twitter:label1\" content=\"Est. reading time\">\n\t<meta name=\"twitter:data1\" content=\"8 minutes\">\n<script type=\"application\/ld+json\" class=\"yoast-schema-graph\">{\"@context\":\"https:\/\/schema.org\",\"@graph\":[{\"@type\":\"WebSite\",\"@id\":\"https:\/\/www.ozcangumus.com.tr\/#website\",\"url\":\"https:\/\/www.ozcangumus.com.tr\/\",\"name\":\"\\u00d6zcan G\\u00fcm\\u00fc\\u015f\",\"description\":\"Toptan G\\u00fcm\\u00fc\\u015f Sat\\u0131\\u015f\\u0131\",\"potentialAction\":[{\"@type\":\"SearchAction\",\"target\":\"https:\/\/www.ozcangumus.com.tr\/?s={search_term_string}\",\"query-input\":\"required name=search_term_string\"}],\"inLanguage\":\"en-US\"},{\"@type\":\"WebPage\",\"@id\":\"https:\/\/www.ozcangumus.com.tr\/en\/how-can-i-be-a-customer\/#webpage\",\"url\":\"https:\/\/www.ozcangumus.com.tr\/en\/how-can-i-be-a-customer\/\",\"name\":\"How Can I Be A Customer? - \\u00d6zcan G\\u00fcm\\u00fc\\u015f\",\"isPartOf\":{\"@id\":\"https:\/\/www.ozcangumus.com.tr\/#website\"},\"datePublished\":\"2017-07-26T09:03:31+00:00\",\"dateModified\":\"2017-10-10T07:53:10+00:00\",\"breadcrumb\":{\"@id\":\"https:\/\/www.ozcangumus.com.tr\/en\/how-can-i-be-a-customer\/#breadcrumb\"},\"inLanguage\":\"en-US\",\"potentialAction\":[{\"@type\":\"ReadAction\",\"target\":[\"https:\/\/www.ozcangumus.com.tr\/en\/how-can-i-be-a-customer\/\"]}]},{\"@type\":\"BreadcrumbList\",\"@id\":\"https:\/\/www.ozcangumus.com.tr\/en\/how-can-i-be-a-customer\/#breadcrumb\",\"itemListElement\":[{\"@type\":\"ListItem\",\"position\":1,\"item\":{\"@type\":\"WebPage\",\"@id\":\"https:\/\/www.ozcangumus.com.tr\/en\/\",\"url\":\"https:\/\/www.ozcangumus.com.tr\/en\/\",\"name\":\"{lang:home}\"}},{\"@type\":\"ListItem\",\"position\":2,\"item\":{\"@id\":\"https:\/\/www.ozcangumus.com.tr\/en\/how-can-i-be-a-customer\/#webpage\"}}]}]}<\/script>\n<!-- \/ Yoast SEO plugin. -->","_links":{"self":[{"href":"https:\/\/www.ozcangumus.com.tr\/en\/wp-json\/wp\/v2\/pages\/774"}],"collection":[{"href":"https:\/\/www.ozcangumus.com.tr\/en\/wp-json\/wp\/v2\/pages"}],"about":[{"href":"https:\/\/www.ozcangumus.com.tr\/en\/wp-json\/wp\/v2\/types\/page"}],"author":[{"embeddable":true,"href":"https:\/\/www.ozcangumus.com.tr\/en\/wp-json\/wp\/v2\/users\/1"}],"replies":[{"embeddable":true,"href":"https:\/\/www.ozcangumus.com.tr\/en\/wp-json\/wp\/v2\/comments?post=774"}],"version-history":[{"count":6,"href":"https:\/\/www.ozcangumus.com.tr\/en\/wp-json\/wp\/v2\/pages\/774\/revisions"}],"predecessor-version":[{"id":1113,"href":"https:\/\/www.ozcangumus.com.tr\/en\/wp-json\/wp\/v2\/pages\/774\/revisions\/1113"}],"wp:attachment":[{"href":"https:\/\/www.ozcangumus.com.tr\/en\/wp-json\/wp\/v2\/media?parent=774"}],"curies":[{"name":"wp","href":"https:\/\/api.w.org\/{rel}","templated":true}]}}